{"id":460,"date":"2021-08-30T11:23:58","date_gmt":"2021-08-30T14:23:58","guid":{"rendered":"https:\/\/www.norsul.com\/hmlg\/seguranca-da-informacao\/"},"modified":"2021-12-29T13:16:16","modified_gmt":"2021-12-29T16:16:16","slug":"information-security-policy","status":"publish","type":"page","link":"https:\/\/www.norsul.com\/en\/information-security-policy\/","title":{"rendered":"Information Security Policy"},"content":{"rendered":"\n<p>A Companhia de Navega\u00e7\u00e3o Norsul, com endere\u00e7o na Avenida Presidente Wilson 231, 3\u00ba andar Centro \u2013 Rio de Janeiro \u2013 RJ CEP 20030-905 \u2013 BRASIL, \u00e9 a empresa propriet\u00e1ria do site www.norsul.com, que oferece informa\u00e7\u00f5es institucionais da companhia.<\/p>\n\n\n\n<p>Empenhados em salvaguardar a privacidade dos visitantes do nosso site, esta pol\u00edtica informa como tratamos as informa\u00e7\u00f5es pessoais dos nossos usu\u00e1rios. Por favor, leia atentamente as informa\u00e7\u00f5es a seguir, elas explanam como os seus dados pessoais podem ser coletados e utilizados, e como s\u00e3o protegidos no site da Norsul. Ao fornecer informa\u00e7\u00f5es pessoais ou navegar no site, voc\u00ea concorda automaticamente com as regras de utiliza\u00e7\u00e3o, prote\u00e7\u00e3o e seguran\u00e7a estabelecidas nesta pol\u00edtica.<\/p>\n\n\n\n<p><\/p>\n\n\n\n<ol class=\"wp-block-list\"><li>A Norsul coleta informa\u00e7\u00f5es pessoais capazes de identificar os Usu\u00e1rios, quando esses: (i) cadastram-se em nosso site ou (ii) preenchem qualquer formul\u00e1rio digital ou f\u00edsico em eventos no qual a Norsul participa ou promove.<\/li><li>A Norsul pode receber e armazenar automaticamente, por meio de cookies, informa\u00e7\u00f5es em seus servidores sobre as atividades realizadas no navegador do usu\u00e1rio. Os registros de eventos e atividades no site Norsul ser\u00e3o utilizados apenas para fins estat\u00edsticos e de m\u00e9tricas dos servi\u00e7os prestados. A Norsul reserva-se no direito de utilizar esses registros, de forma individualizada, caso exista ordem judicial neste sentido ou sobrevenha \u00e0 ocorr\u00eancia de eventos que exijam tais medidas, incluindo, mas n\u00e3o se limitando a investiga\u00e7\u00f5es que a Norsul promova na tentativa de elucidar casos de evid\u00eancia de autoria ou acesso, ataques de hackers, altera\u00e7\u00f5es indevidas nos sistemas, fornecimento de elementos de prova em procedimentos judiciais, etc.<\/li><li>Os dados recebidos dos usu\u00e1rios trafegam utilizando processo de criptografia padr\u00e3o de Internet. Assim, seus dados pessoais, e toda informa\u00e7\u00e3o fornecida s\u00e3o codificados antes de serem transmitidos.<\/li><li>Qualquer informa\u00e7\u00e3o fornecida pelos usu\u00e1rios ser\u00e1 coletada e guardada, com seguran\u00e7a.<\/li><li>Os dados pessoais cedidos pelos usu\u00e1rios ser\u00e3o gravados no banco de dados da Norsul, que ser\u00e1 a \u00fanica respons\u00e1vel por um armazenamento seguro, nos termos desta Pol\u00edtica de Privacidade.<\/li><li>A Norsul se utiliza das informa\u00e7\u00f5es coletadas para os seguintes prop\u00f3sitos gerais: (i) aperfei\u00e7oar a experi\u00eancia de usabilidade do usu\u00e1rios no site; (ii) gerar relat\u00f3rios estat\u00edsticos de navega\u00e7\u00e3o, sem que haja identifica\u00e7\u00e3o dos usu\u00e1rios; (iii) responder \u00e0s d\u00favidas e solicita\u00e7\u00f5es (iv) realizar campanhas de comunica\u00e7\u00e3o.<\/li><li>7&nbsp;\u2013 \u00c9 de responsabilidade do usu\u00e1rio garantir que os dados pessoais fornecidos possuem veracidade. A Norsul n\u00e3o assume qualquer responsabilidade no caso da inexatid\u00e3o dos dados informados pelo usu\u00e1rio.<\/li><li>8 \u2013 \u00c9 de responsabilidade do usu\u00e1rio a cria\u00e7\u00e3o e manuten\u00e7\u00e3o de senhas e de seu logins de acesso quando necess\u00e1rios. Caso o usu\u00e1rio tome conhecimento ou suspeite que sua senha tenha sido descoberta, dever\u00e1 alter\u00e1-la imediatamente.<\/li><li>09 \u2013 Reiteramos que a Norsul n\u00e3o solicita dados banc\u00e1rios ou de cart\u00e3o de cr\u00e9dito ou senhas de seus clientes por e-mail. Se o usu\u00e1rio receber este tipo de abordagem deve desconsider\u00e1-la e, se poss\u00edvel, encaminhar o ocorrido para a equipe de tecnologia da Norsul atrav\u00e9s do e-mail pelo email&nbsp;<a href=\"mailto:suporte@norsul.com\">suporte@norsul.com<\/a>.<\/li><li>Nenhuma das informa\u00e7\u00f5es fornecidas a Norsul por qualquer canal poder\u00e1 ser alugada, vendida ou compartilhada com outras pessoas ou empresas n\u00e3o afiliadas a Norsul, exceto para cumprimento de ordem de autoridade judicial.<\/li><li>A Norsul utiliza o Google Analytics para criar relat\u00f3rios sobre o uso do nosso site. O Google poder\u00e1 armazenar esta informa\u00e7\u00e3o. A pol\u00edtica de privacidade do Google est\u00e1 dispon\u00edvel em&nbsp;<a href=\"http:\/\/www.google.com.br\/intl\/pt-BR\/privacy\/\" rel=\"nofollow noopener\" target=\"_blank\">http:\/\/www.google.com.br\/intl\/pt-BR\/privacy\/<\/a><\/li><li>Caso opte por essa op\u00e7\u00e3o, seus dados poder\u00e3o ser utilizados para o envio de nosso e-mail. Em todas as nossas comunica\u00e7\u00f5es feitas atrav\u00e9s do e-mail, colocamos um link para remo\u00e7\u00e3o de cadastro.<\/li><li>A Norsul poder\u00e1 eventualmente atualizar esta pol\u00edtica sem aviso pr\u00e9vio. As mudan\u00e7as mais significativas, quando oportuno, dever\u00e3o ser comunicadas em \u00e1rea de destaque no web site ou atrav\u00e9s de e-mail.<\/li><\/ol>\n\n\n\n<p>Esta pol\u00edtica n\u00e3o se aplica a nenhuma outra empresa, mesmo para as que sejam fornecidos links a seus respectivos sites. \u00c9 recomendado que o Usu\u00e1rio, ao ser redirecionado para sites externos, consultem sempre as respectivas pol\u00edticas de privacidade antes de fornecer seus dados ou informa\u00e7\u00f5es.<\/p>\n","protected":false},"excerpt":{"rendered":"<p>A Companhia de Navega\u00e7\u00e3o Norsul, com endere\u00e7o na Avenida Presidente Wilson 231, 3\u00ba andar Centro \u2013 Rio de Janeiro \u2013 RJ CEP 20030-905 \u2013 BRASIL, \u00e9 a empresa propriet\u00e1ria do site www.norsul.com, que oferece informa\u00e7\u00f5es institucionais da companhia. Empenhados em salvaguardar a privacidade dos visitantes do nosso site, esta pol\u00edtica informa como tratamos as informa\u00e7\u00f5es [&hellip;]<\/p>\n","protected":false},"author":1,"featured_media":0,"parent":0,"menu_order":0,"comment_status":"closed","ping_status":"closed","template":"","meta":{"_acf_changed":false,"inline_featured_image":false,"footnotes":""},"class_list":["post-460","page","type-page","status-publish","hentry"],"acf":[],"_links":{"self":[{"href":"https:\/\/www.norsul.com\/en\/wp-json\/wp\/v2\/pages\/460","targetHints":{"allow":["GET"]}}],"collection":[{"href":"https:\/\/www.norsul.com\/en\/wp-json\/wp\/v2\/pages"}],"about":[{"href":"https:\/\/www.norsul.com\/en\/wp-json\/wp\/v2\/types\/page"}],"author":[{"embeddable":true,"href":"https:\/\/www.norsul.com\/en\/wp-json\/wp\/v2\/users\/1"}],"replies":[{"embeddable":true,"href":"https:\/\/www.norsul.com\/en\/wp-json\/wp\/v2\/comments?post=460"}],"version-history":[{"count":2,"href":"https:\/\/www.norsul.com\/en\/wp-json\/wp\/v2\/pages\/460\/revisions"}],"predecessor-version":[{"id":561,"href":"https:\/\/www.norsul.com\/en\/wp-json\/wp\/v2\/pages\/460\/revisions\/561"}],"wp:attachment":[{"href":"https:\/\/www.norsul.com\/en\/wp-json\/wp\/v2\/media?parent=460"}],"curies":[{"name":"wp","href":"https:\/\/api.w.org\/{rel}","templated":true}]}}