{"id":486,"date":"2021-08-27T09:17:12","date_gmt":"2021-08-27T12:17:12","guid":{"rendered":"https:\/\/www.norsul.com\/hmlg\/servicos\/"},"modified":"2021-12-29T13:24:51","modified_gmt":"2021-12-29T16:24:51","slug":"services","status":"publish","type":"page","link":"https:\/\/www.norsul.com\/en\/services\/","title":{"rendered":"Services"},"content":{"rendered":"<section class=\"py-5 mb-4\">\n    <div class=\"container\">\n        <div class=\"row mb-4\">\n            <div class=\"col-lg-12\">\n                <span class=\"separator bg-warning\"><\/span>\n                <h2 class=\"text-primary\">Our Services<\/h2>\n            <\/div>\n        <\/div>\n        \t\t<div class=\"row mb-4\">\n\t\t\t<div class=\"col-lg-3 order-1 order-lg-1 d-flex align-items-start\">\n\t\t\t\t<img decoding=\"async\" class=\"w-100 lazy loaded\" src=\"https:\/\/www.norsul.com\/wp-content\/uploads\/2021\/08\/Design-sem-nome-18.png\">\n\t\t\t<\/div>\n\t\t\t<div class=\"col-lg-3 order-2 order-lg-2 d-flex flex-column\">\n\t\t\t\t<h4 class=\"text-primary\">Navigation<\/h4>\n\t\t\t\t<p class=\"my-4\">Se navegar \u00e9 preciso, n\u00f3s navegamos com precis\u00e3o. Contribu\u00edmos com solu\u00e7\u00f5es para a cadeia log\u00edstica de nossos clientes de forma ampla e estrat\u00e9gica.<\/p>\n\t\t\t\t<a href=\"https:\/\/www.norsul.com\/en\/servicos\/navigation\/\" class=\"btn btn-sm btn-primary mt-auto\">Confira<\/a>\n\t\t\t<\/div>\n\t\t\t<div class=\"col-lg-3 order-3 order-lg-3 d-flex align-items-start\">\n\t\t\t\t<img decoding=\"async\" class=\"card-img rounded-0\" src=\"https:\/\/www.norsul.com\/wp-content\/uploads\/2023\/09\/Norsul-Sem-Filtro-Roxo-0027-1-e1737139386923.jpg\">\n\t\t\t<\/div>\n\t\t\t<div class=\"col-lg-3 order-4 order-lg-4 d-flex flex-column\">\n\t\t\t\t<h4 class=\"text-primary\">Logistics Integration<\/h4>\n\t\t\t\t<p class=\"my-4\">Solu\u00e7\u00f5es personalizadas, desenhadas a partir da nossa experi\u00eancia e confiabilidade. <\/p>\n\t\t\t\t<a href=\"https:\/\/www.norsul.com\/en\/servicos\/logistics-integration\/\" class=\"btn btn-sm btn-primary mt-auto\">Confira<\/a>\n\t\t\t<\/div>\t\t\t\n\t\t\t\n            \n                    <\/div>\n    <\/div>\n<\/section>\n\n<section class=\"block-numbers animate text-white py-lg-1 bg-primary text-center\">\n    <div class=\"container py-5\">\n\t\t \t\t\n\t\t<div class=\"row\" id=\"counters_1\">\n\t\t\t<!-- Coluna 1 -->\n\t\t\t<div class=\"col-sm-2 border-left border-right border-secondary my-4\">\n\t\t\t\t<span class=\"display-4 font-weight-bold text-warning counter\" data-TargetNum=\"21\" data-Speed=\"2000\"><\/span>\n\t\t\t\t<p>embarca\u00e7\u00f5es pr\u00f3prias<\/p>\n\t\t\t<\/div>\n\n\t\t\t<!-- Coluna 2 -->\n\t\t\t<div class=\"col-sm-2 border-right border-secondary my-4\">\n\t\t\t\t<span class=\"display-4 font-weight-bold text-warning\">+<\/span><span class=\"display-4 font-weight-bold text-warning counter\" data-TargetNum=\"100\" data-Speed=\"2000\"><\/span>\n\t\t\t\t<p>embarca\u00e7\u00f5es operadas anualmente<\/p>\n\t\t\t<\/div>\n\n\t\t\t<!-- Coluna 3 -->\n\t\t\t<div class=\"col-sm-2 border-right border-secondary my-4 counter\">\n\t\t\t\t<span class=\"display-4 font-weight-bold text-warning\">+<\/span><span class=\"display-4 font-weight-bold text-warning counter\" data-TargetNum=\"500\" data-Speed=\"2000\"><\/span>\n\t\t\t\t<p>funcion\u00e1rios<\/p>\n\t\t\t<\/div>\n\n\t\t\t<!-- Coluna 4 -->\n\t\t\t<div class=\"col-sm-2 border-right border-secondary my-4\">\n\t\t\t\t<span class=\"display-4 font-weight-bold text-warning counter\" data-TargetNum=\"3\" data-Speed=\"2000\"><\/span>\n\t\t\t\t<p>escrit\u00f3rios<\/p>\n\t\t\t<\/div>\n\n\t\t\t<!-- Coluna 5 -->\n\t\t\t<div class=\"col-sm-2 border-right border-secondary my-4\">\n\t\t\t\t<span class=\"display-4 font-weight-bold text-warning counter\" data-TargetNum=\"700\" data-Speed=\"2000\"><\/span>\n\t\t\t\t<p>viagens em 2022<\/p>\n\t\t\t<\/div>\n\n\t\t\t<!-- Coluna 6 -->\n\t\t\t<div class=\"col-sm-2 border-right border-secondary my-4\">\n\t\t\t\t<span class=\"display-4 font-weight-bold text-warning\">+<\/span><span class=\"display-4 font-weight-bold text-warning counter\" data-TargetNum=\"2\" data-Speed=\"2000\"><\/span><span class=\"display-4 font-weight-bold text-warning\">mil<\/span>\n\t\t\t\t<p>portos escalados em 2022<\/p>\n\t\t\t<\/div>\n\t\t<\/div>\n    <\/div>\n<\/section>\n\n\n\n<section class=\"py-lg-5 carbono-neutro\" style=\"background-image: url('');  background-size: cover; \">\n    <div class=\"container\">\n        <div class=\"row align-items-center py-5\">\n            <div class=\"col-lg-4\">\n                <h3 class=\"h5 text-warning\">Sustainability<\/h3>\n                <h2 class=\"mb-3 text-white\">Carbon Neutral Program<\/h2>\n\t\t\t\t\n\t\t\t\t\t\t\t\t\t<a href=\"https:\/\/www.norsul.com\/en\/?post_type=programs&#038;p=540\" class=\"btn btn-lg btn-primary d-none d-lg-inline-block mb-3\" target=\"_self\">\n\t\t\t\t\t\tLearn more\t\t\t\t\t<\/a>\n\t\t\t\t                \n                <p><\/p>\n            <\/div>\n            <div class=\"col-lg-6 offset-lg-2\">\n                <p class=\"mb-4 mb-lg-0 text-white\">\n                    Sustainability is a value practiced at NORSUL. Proof of this is that the company started neutralizing its carbon emissions through the Carbon Neutral Program. With an unprecedented partnership in the cabotage sector in Brazil, NORSUL has worked together with Biofilica, a leading company in the development of forest carbon projects.                <\/p>\n\t\t\t\t\t\t\t\t\t\t\t\t\t\t<a href=\"https:\/\/www.norsul.com\/en\/?post_type=programs&#038;p=540\" class=\"btn btn-lg btn-primary d-inline-block d-lg-none\" target=\"_self\">\n\t\t\t\t\t\tLearn more\t\t\t\t\t<\/a>\n\t\t\t\t            <\/div>            \n        <\/div>\n    <\/div>\n<\/section>\n\n<section class=\"py-5 block-news\">\n    <div class=\"container\">\n        <div class=\"row mb-4\">\n            <div class=\"col-lg-12\">\n                <span class=\"separator bg-warning\"><\/span>\n                <h2 class=\"text-primary\">News<\/h2>                \n            <\/div>\n        <\/div>\n        <div class=\"row\">\n             \n                            <div class=\"col-lg-3 mb-4 mb-lg-0\">\n                    <a href=\"https:\/\/www.norsul.com\/en\/norsul-professionals\/\">\n                        <img decoding=\"async\" src=\"https:\/\/www.norsul.com\/wp-content\/uploads\/2021\/08\/blog-1024x574-1.jpg\" class=\"w-100\" \/>\n                        <h3 class=\"text-primary pt-4 py-lg-4\">Tributes month of May<\/h3>\n                        <p>Learn about the Norsul professions honored in the month of May The beginning of May is marked by Labor Day. The date was conquered in a historical way, consolidated in Brazil in 1924. And it is a special day to celebrate and pay tribute to all the professionals who move the giant and proud Norsul. [&hellip;]<\/p>\n                    <\/a>\n                <\/div>\n                            <div class=\"col-lg-3 mb-4 mb-lg-0\">\n                    <a href=\"https:\/\/www.norsul.com\/en\/norsul-social-responsibility\/\">\n                        <img decoding=\"async\" src=\"https:\/\/www.norsul.com\/wp-content\/uploads\/2021\/08\/00001100-1024x538-1.jpeg\" class=\"w-100\" \/>\n                        <h3 class=\"text-primary pt-4 py-lg-4\">Social Responsibility<\/h3>\n                        <p>Norsul delivers basic food staples through the Social Impact Program<\/p>\n                    <\/a>\n                <\/div>\n                            <div class=\"col-lg-3 mb-4 mb-lg-0\">\n                    <a href=\"https:\/\/www.norsul.com\/en\/women-in-shipping-companies\/\">\n                        <img decoding=\"async\" src=\"https:\/\/www.norsul.com\/wp-content\/uploads\/2021\/08\/00001105-1024x538-1.jpeg\" class=\"w-100\" \/>\n                        <h3 class=\"text-primary pt-4 py-lg-4\">Women of the Sea<\/h3>\n                        <p>Some life stories and professional examples give us inspiration for living<\/p>\n                    <\/a>\n                <\/div>\n                            <div class=\"col-lg-3 mb-4 mb-lg-0\">\n                    <a href=\"https:\/\/www.norsul.com\/en\/preservation-of-the-forest\/\">\n                        <img decoding=\"async\" src=\"https:\/\/www.norsul.com\/wp-content\/uploads\/2021\/08\/Foto-para-Noticia-PORTO-DO-ACU-1.jpeg\" class=\"w-100\" \/>\n                        <h3 class=\"text-primary pt-4 py-lg-4\">Norsul and A\u00e7u Port<\/h3>\n                        <p>Norsul&#8217;s partnership with A\u00e7u Port in Valor Econ\u00f4mico newspaper report<\/p>\n                    <\/a>\n                <\/div>\n                    <\/div>        \n    <\/div>\n<\/section>","protected":false},"excerpt":{"rendered":"","protected":false},"author":1,"featured_media":743,"parent":0,"menu_order":0,"comment_status":"closed","ping_status":"closed","template":"page-services.php","meta":{"_acf_changed":false,"inline_featured_image":false,"footnotes":""},"class_list":["post-486","page","type-page","status-publish","has-post-thumbnail","hentry"],"acf":[],"_links":{"self":[{"href":"https:\/\/www.norsul.com\/en\/wp-json\/wp\/v2\/pages\/486","targetHints":{"allow":["GET"]}}],"collection":[{"href":"https:\/\/www.norsul.com\/en\/wp-json\/wp\/v2\/pages"}],"about":[{"href":"https:\/\/www.norsul.com\/en\/wp-json\/wp\/v2\/types\/page"}],"author":[{"embeddable":true,"href":"https:\/\/www.norsul.com\/en\/wp-json\/wp\/v2\/users\/1"}],"replies":[{"embeddable":true,"href":"https:\/\/www.norsul.com\/en\/wp-json\/wp\/v2\/comments?post=486"}],"version-history":[{"count":17,"href":"https:\/\/www.norsul.com\/en\/wp-json\/wp\/v2\/pages\/486\/revisions"}],"predecessor-version":[{"id":2909,"href":"https:\/\/www.norsul.com\/en\/wp-json\/wp\/v2\/pages\/486\/revisions\/2909"}],"wp:featuredmedia":[{"embeddable":true,"href":"https:\/\/www.norsul.com\/en\/wp-json\/wp\/v2\/media\/743"}],"wp:attachment":[{"href":"https:\/\/www.norsul.com\/en\/wp-json\/wp\/v2\/media?parent=486"}],"curies":[{"name":"wp","href":"https:\/\/api.w.org\/{rel}","templated":true}]}}